{"id":14027,"date":"2020-09-22T11:19:40","date_gmt":"2020-09-22T09:19:40","guid":{"rendered":"http:\/\/www.hpgasser.ch\/produkt\/hpg-carroline-6-x-6-dachfenster-element-fuer-das-flachdach\/"},"modified":"2021-09-27T11:09:30","modified_gmt":"2021-09-27T09:09:30","slug":"occasion-element-de-fenetre-de-toit-hpg-carroline-6-x-6-pour-le-toit-plat","status":"publish","type":"product","link":"https:\/\/www.hpgasser.ch\/fr\/produkt\/occasion-element-de-fenetre-de-toit-hpg-carroline-6-x-6-pour-le-toit-plat\/","title":{"rendered":"Occasion: \u00c9l\u00e9ment de fen\u00eatre de toit HPG carroline\u00ae 6 x 6 pour le toit plat"},"content":{"rendered":"<p>M\u00eame l\u00e9g\u00e8rement utilis\u00e9s, les \u00e9l\u00e9ments de fen\u00eatre de toit HPG carroline\u00ae sont la solution bonne et s\u00fbre pour le toit plat. La qualit\u00e9 test\u00e9e est garante d&#8217;une installation sans probl\u00e8me et d&#8217;une longue dur\u00e9e de vie. Gr\u00e2ce au moteur de ventilation RotoTronic avec \u00e9metteur portatif, chaque \u00e9l\u00e9ment de fen\u00eatre de toit HPG carroline\u00ae est toujours la solution confortable pour plus de lumi\u00e8re sous le toit et l&#8217;alternative optimale au d\u00f4me de toit classique. Ici, vous pouvez obtenir des \u00e9l\u00e9ments de lucarne d&#8217;occasion aux dimensions int\u00e9rieures nettes de 60 x 60 centim\u00e8tres, y compris un couvercle de rebord en t\u00f4le, \u00e0 un prix d&#8217;occasion int\u00e9ressant. Bien s\u00fbr, en qualit\u00e9 HP Gasser test\u00e9e et parfaite.<\/p>\n","protected":false},"excerpt":{"rendered":"<h2><strong>HPG carroline\u00ae \u00e9l\u00e9ment de lucarne pour toit plat<\/strong><\/h2>\n<p>HPG carroline\u00ae 6 x 6, 60 x 60 cm de dimension int\u00e9rieure nette.<\/p>\n<ul>\n<li style=\"list-style-type: none;\" data-mce-style=\"list-style-type: none;\">\n<ul>\n<li>3 vitrages<\/li>\n<li>incluant le moteur de ventilation RotoTronic radio, y compris le capteur de pluie et l&#8217;\u00e9metteur manuel<\/li>\n<li>incluant le couvercle de jante en t\u00f4le (CRNI)<\/li>\n<li>utilis\u00e9, enlev\u00e9 et stock\u00e9 par des professionnels<\/li>\n<li>VP 1`300.-CHF\/pi\u00e8ce &#8211; sans raccord bitumeux<\/li>\n<\/ul>\n<\/li>\n<\/ul>\n<ul>\n<li style=\"list-style-type: none;\" data-mce-style=\"list-style-type: none;\">\n<ul><\/ul>\n<\/li>\n<\/ul>\n<p>L&#8217;\u00e9l\u00e9ment du puits de lumi\u00e8re est stock\u00e9 \u00e0 Lungern et peut \u00eatre visit\u00e9.<\/p>\n<p>HP Gasser AG<br \/>Industriestrasse 45<br \/>6078 Lungern<\/p>\n","protected":false},"featured_media":11745,"comment_status":"open","ping_status":"closed","template":"","meta":[],"_links":{"self":[{"href":"https:\/\/www.hpgasser.ch\/fr\/wp-json\/wp\/v2\/product\/14027"}],"collection":[{"href":"https:\/\/www.hpgasser.ch\/fr\/wp-json\/wp\/v2\/product"}],"about":[{"href":"https:\/\/www.hpgasser.ch\/fr\/wp-json\/wp\/v2\/types\/product"}],"replies":[{"embeddable":true,"href":"https:\/\/www.hpgasser.ch\/fr\/wp-json\/wp\/v2\/comments?post=14027"}],"wp:featuredmedia":[{"embeddable":true,"href":"https:\/\/www.hpgasser.ch\/fr\/wp-json\/wp\/v2\/media\/11745"}],"wp:attachment":[{"href":"https:\/\/www.hpgasser.ch\/fr\/wp-json\/wp\/v2\/media?parent=14027"}],"curies":[{"name":"wp","href":"https:\/\/api.w.org\/{rel}","templated":true}]}}