{"id":14023,"date":"2020-10-22T11:32:56","date_gmt":"2020-10-22T09:32:56","guid":{"rendered":"http:\/\/www.hpgasser.ch\/produkt\/schutzfolien-gegen-corona-virus\/"},"modified":"2021-09-27T11:07:45","modified_gmt":"2021-09-27T09:07:45","slug":"films-de-protection-contre-le-virus-corona","status":"publish","type":"product","link":"https:\/\/www.hpgasser.ch\/fr\/produkt\/films-de-protection-contre-le-virus-corona\/","title":{"rendered":"Films de protection contre le virus Corona"},"content":{"rendered":"<h1><span data-ccp-props=\"{}\">Films de protection contre le virus Corona<br \/>\n<\/span><\/h1>\n<h2>Hauteur environ 1,20 m<\/h2>\n<p>Gr\u00e2ce \u00e0 notre film protecteur , vous obtenez en tr\u00e8s peu de temps une protection fiable contre les infections \u00e9vitables par le virus Corona Covid-19. Un film flexible et transparent de diff\u00e9rentes tailles offre une protection discr\u00e8te mais efficace contre la salive et les \u00e9ternuements. La majorit\u00e9 des virus, bact\u00e9ries et autres contaminants sont ainsi maintenus \u00e0 l&#8217;\u00e9cart du personnel de vente, des clients et des marchandises d\u00e9licates.<\/p>\n<p>Confiance pour une protection fiable \u00e0 long terme.<\/p>\n<p>Les films de notre gamme sp\u00e9ciale dans la lutte contre Corona Covid-19 sont <strong> non seulement applicables \u00e0 court terme, mais aussi \u00e0 long terme<\/strong>. La qualit\u00e9 durable et l&#8217;effet discret garantissent que les films de protection sp\u00e9ciaux peuvent continuer \u00e0 \u00eatre utilis\u00e9s et d\u00e9ploy\u00e9s m\u00eame apr\u00e8s la pand\u00e9mie. Ceci est \u00e9galement assur\u00e9 par les propri\u00e9t\u00e9s facile d&#8217;entretien. Nos films de protection sp\u00e9ciaux sont faciles \u00e0 nettoyer, peuvent \u00eatre d\u00e9sinfect\u00e9s \u00e0 tout moment avec des agents appropri\u00e9s et peuvent \u00e9galement \u00eatre utilis\u00e9s \u00e0 long terme.<\/p>\n<div style=\"text-align: center;\"><iframe loading=\"lazy\" style=\"margin: 0 auto;\" src=\"\/\/v.calameo.com\/?bkcode=0061151991b0698300b21&amp;mode=mini\" width=\"480\" height=\"300\" frameborder=\"0\" scrolling=\"no\" allowfullscreen=\"allowfullscreen\"><\/iframe><\/div>\n","protected":false},"excerpt":{"rendered":"<h3>Hauteur du film de protection environ 1,20 m<\/h3>\n<ul>\n<li>protection fiable<\/li>\n<li>d\u00e9cent<\/li>\n<li>qualit\u00e9 durable<\/li>\n<li>facile \u00e0 maintenir<\/li>\n<\/ul>\n<p>Dimensions sp\u00e9ciales ainsi que prix \u00e9chelonn\u00e9s sur demande.<\/p>\n","protected":false},"featured_media":12765,"comment_status":"open","ping_status":"closed","template":"","meta":[],"_links":{"self":[{"href":"https:\/\/www.hpgasser.ch\/fr\/wp-json\/wp\/v2\/product\/14023"}],"collection":[{"href":"https:\/\/www.hpgasser.ch\/fr\/wp-json\/wp\/v2\/product"}],"about":[{"href":"https:\/\/www.hpgasser.ch\/fr\/wp-json\/wp\/v2\/types\/product"}],"replies":[{"embeddable":true,"href":"https:\/\/www.hpgasser.ch\/fr\/wp-json\/wp\/v2\/comments?post=14023"}],"wp:featuredmedia":[{"embeddable":true,"href":"https:\/\/www.hpgasser.ch\/fr\/wp-json\/wp\/v2\/media\/12765"}],"wp:attachment":[{"href":"https:\/\/www.hpgasser.ch\/fr\/wp-json\/wp\/v2\/media?parent=14023"}],"curies":[{"name":"wp","href":"https:\/\/api.w.org\/{rel}","templated":true}]}}