{"id":12792,"date":"2020-08-14T05:23:04","date_gmt":"2020-08-14T03:23:04","guid":{"rendered":"http:\/\/www.hpgasser.ch\/edelweiss-cool\/"},"modified":"2020-12-29T23:36:57","modified_gmt":"2020-12-29T22:36:57","slug":"edelweiss-cool","status":"publish","type":"page","link":"https:\/\/www.hpgasser.ch\/fr\/edelweiss-cool\/","title":{"rendered":"edelweiss.cool"},"content":{"rendered":"<p><img src=\"https:\/\/www.hpgasser.ch\/wp-content\/uploads\/2020\/08\/1-scaled.jpg\" alt=\"Edelweiss.cool - Le journal anniversaire de HP Gasser AG\" bdt-cover><\/p>\n<h2>\n\t\t\t\t\t\t\t\t\t\tEdelweiss.cool &#8211; Le journal anniversaire de HP Gasser AG\t\t\t\t\t\t\t\t\t<\/h2>\n<p>\t\t\t<iframe loading=\"lazy\" src=\"\/\/v.calameo.com\/?bkcode=006115199615f9ed90a38&#038;mode=mini&#038;showsharemenu=false&#038;clickto=embed&#038;autoflip=4\" width=\"880\" height=\"600\" frameborder=\"0\" scrolling=\"no\" allowtransparency allowfullscreen style=\"margin:0 auto;\"><\/iframe>\t\t<\/p>\n<p>Nous allons bient\u00f4t c\u00e9l\u00e9brer le 30e anniversaire de HP Gasser AG. Pour la communication de cet \u00e9v\u00e9nement et comme \u00e9l\u00e9ment de liaison avec nos partenaires, clients et consommateurs, nous avons publi\u00e9 un journal tir\u00e9 \u00e0 45 000 exemplaires. Le journal est disponible partout en Suisse, partout o\u00f9 HP Gasser AG appara\u00eet avec ses produits, ses services et son assistance.<\/p>\n<p>Le journal compte 40 pages au format berlinois, ce qui nous permet de proposer des informations vari\u00e9es sur notre entreprise, nos clients, nos employ\u00e9s et nos partenaires.<\/p>\n<h3>\n\t\t\t\t\t\t\t\tVid\u00e9os interactives\t\t\t\t\t\t\t<\/h3>\n<p>\t\t\t\t\t\t\t\tLes partenaires technologiques pour la mise en \u0153uvre des commandes interactives sont Digital Perspectives GmbH et F1rst GmbH.<br \/>\n\t\t\t<a href=\"https:\/\/swiftcdn6.global.ssl.fastly.net\/projects\/5f34ec254d7af\/index.html?cb=wxcddkz9nakav6gdw4opo\" target=\"_blank\" rel=\"noopener noreferrer\"><\/p>\n<h3>\n\t\t\t\t\t\t\tVid\u00e9os interactives\t\t\t\t\t\t<\/h3>\n<p>\t\t\t\t\t\t\tLes nouvelles technologies interactives seront le facteur le plus important pour une v\u00e9ritable r\u00e9volution dans le traitement m\u00e9diatique des sujets.<br \/>\n\t\t\t\t\t\tExemple<br \/>\n\t\t<\/a><\/p>\n<h3>\n\t\t\t\t\t\t\t\tHybride journal imprim\u00e9\/num\u00e9rique\t\t\t\t\t\t\t<\/h3>\n<p>\t\t\t\t\t\t\t\tLa vie d&#8217;aujourd&#8217;hui est analogique et num\u00e9rique. M\u00eame dans l&#8217;\u00e9conomie.<br \/>\n\t\t\t<a href=\"https:\/\/www.hpgasser.ch\/fr\/exemple-de-journal-hypride\/\" target=\"_blank\" rel=\"noopener noreferrer\"><\/p>\n<h3>\n\t\t\t\t\t\t\tJournal hybride\t\t\t\t\t\t<\/h3>\n<p>\t\t\t\t\t\t\tC&#8217;est pourquoi nous combinons le marketing classique avec les possibilit\u00e9s du marketing num\u00e9rique dans le marketing hybride avec une approche holistique.<br \/>\n\t\t\t\t\t\tExemple<br \/>\n\t\t<\/a><\/p>\n<h3>\n\t\t\t\t\t\t\t\tCodes QR dynamiques\t\t\t\t\t\t\t<\/h3>\n<p>\t\t\t\t\t\t\t\tLes codes QR dynamiques int\u00e9gr\u00e9s et les codes vocaux sont probablement une nouveaut\u00e9.<br \/>\n\t\t\t<a href=\"http:\/\/qr.vermarktungs.info\/Markus_Fuhrer\" target=\"_blank\" rel=\"noopener noreferrer\"><\/p>\n<h3>\n\t\t\t\t\t\t\tCodes QR dynamiques\t\t\t\t\t\t<\/h3>\n<p>\t\t\t\t\t\t\tLes codes d\u00e9clencheront un tout nouveau d\u00e9veloppement de ces technologies au cours des cinq \u00e0 dix prochaines ann\u00e9es.<br \/>\n\t\t\t\t\t\tExemple<br \/>\n\t\t<\/a><\/p>\n<h3>\n\t\t\t\t\t\t\t\tProgressive APP\t\t\t\t\t\t\t<\/h3>\n<p>\t\t\t\t\t\t\t\tIOS, Android et APP progressif avec int\u00e9gration de l&#8217;edelweiss.cool hybride<br \/>\n\t\t\t<a href=\"https:\/\/hpgasser.web.victory-app.ch\/#\/\" target=\"_blank\" rel=\"noopener noreferrer\"><\/p>\n<h3>\n\t\t\t\t\t\t\tProgressive APP\t\t\t\t\t\t<\/h3>\n<p>\t\t\t\t\t\t\tAvec la nouvelle Victory App, HP Gasser AG innove dans la num\u00e9risation de sa communication, de ses services et de ses performances.<br \/>\n\t\t\t\t\t\tExemple<br \/>\n\t\t<\/a><\/p>\n<p><b>Edition <\/b><strong>2020\/21:<\/strong> 45&#8217;000 pi\u00e8ces<\/p>\n<p><b>Proc\u00e9d\u00e9 d&#8217;impression<\/b><strong>:<\/strong> Impression de journaux (ColdSet)<\/p>\n<p><b>Format du journal<\/b><strong>:<\/strong> Format berlin (315 x 470 mm)<\/p>\n<p><strong>Num\u00e9ro de page:<\/strong> 40 pages<\/p>\n<p><strong>Coloration:<\/strong> 4\/4-c Euroscale<\/p>\n<p><strong>Papier:<\/strong> Impression de journaux \u00e0 52 g\/m\u00b2 ISO 69 am\u00e9lior\u00e9<\/p>\n<p>\t\t\t\t\t\t\t\t\t\t<img width=\"1024\" height=\"521\" src=\"https:\/\/www.hpgasser.ch\/wp-content\/uploads\/2020\/08\/LogoSW-1-1024x521.png\" alt=\"\" loading=\"lazy\" srcset=\"https:\/\/www.hpgasser.ch\/wp-content\/uploads\/2020\/08\/LogoSW-1-1024x521.png 1024w, https:\/\/www.hpgasser.ch\/wp-content\/uploads\/2020\/08\/LogoSW-1-300x153.png 300w, https:\/\/www.hpgasser.ch\/wp-content\/uploads\/2020\/08\/LogoSW-1-768x391.png 768w, https:\/\/www.hpgasser.ch\/wp-content\/uploads\/2020\/08\/LogoSW-1-1536x782.png 1536w, https:\/\/www.hpgasser.ch\/wp-content\/uploads\/2020\/08\/LogoSW-1-280x142.png 280w, https:\/\/www.hpgasser.ch\/wp-content\/uploads\/2020\/08\/LogoSW-1-1350x687.png 1350w, https:\/\/www.hpgasser.ch\/wp-content\/uploads\/2020\/08\/LogoSW-1-600x305.png 600w, https:\/\/www.hpgasser.ch\/wp-content\/uploads\/2020\/08\/LogoSW-1.png 1800w\" sizes=\"(max-width: 1024px) 100vw, 1024px\" \/><br \/>\n                                <img src=\"https:\/\/www.hpgasser.ch\/wp-content\/uploads\/2020\/04\/Karina-Wieland-HPGasser-Mitarbeiter.png\" title=\"Karina-Wieland-HPGasser-Mitarbeiter\" alt=\"Karina-Wieland-HPGasser-Mitarbeiter\" \/><br \/>\n                                    Karina Wieland<br \/>\n                                                    Chef de l&#8217;\u00e9quipe \u00e9ditoriale de edelweiss.cool<br \/>\n                                                    Je suis votre personne de contact pour toutes les questions concernant le contenu et les contributions<br \/>\n                        <a href=\"mailto:karina.wieland@hpgasser.ch\" target=\"_blank\" bdt-tooltip=\"Email\" rel=\"noopener noreferrer\"><br \/>\n                        <\/a><br \/>\n                        <a href=\"tel:+41416662503%20\" target=\"_blank\" bdt-tooltip=\"T\u00e9l\u00e9phone\" rel=\"noopener noreferrer\"><br \/>\n                        <\/a><br \/>\n                                <img src=\"https:\/\/www.hpgasser.ch\/wp-content\/uploads\/2020\/08\/fabian-furrer.png\" title=\"fabian-furrer\" alt=\"fabian-furrer\" \/><br \/>\n                                    Fabian Furrer<br \/>\n                                                    Responsable de la publicit\u00e9 edelweiss.cool<br \/>\n                                                    Pour toutes les questions concernant la publicit\u00e9 et les m\u00e9dias, je suis votre contact<\/p>\n<p>                        <a href=\"mailto:f.furrer@smc-management.com\" target=\"_blank\" bdt-tooltip=\"Email\" rel=\"noopener noreferrer\"><br \/>\n                        <\/a><br \/>\n                        <a href=\"tel:+41796560402\" target=\"_blank\" bdt-tooltip=\"T\u00e9l\u00e9phone\" rel=\"noopener noreferrer\"><br \/>\n                        <\/a><br \/>\n\t\t    \t\t<a bdt-toggle=\"target: #bdt-modal-37ae175\" href=\"javascript:void(0)\"><br \/>\n\t\t\t<!--  --><br \/>\n\t\t\t\t\t\t\t\tPublicit\u00e9 et tarifs<br \/>\n\t\t\t<!--  --><br \/>\n\t\t<\/a><br \/>\n\t                \t                \t<button type=\"button\" bdt-close><\/button><\/p>\n<h3>\u00abJournal HP Gasser\u00bb<\/h3>\n<h2><b><i>\u00able journal HP Gasser\u00bb avec Expl. 25\u2019000 \u2013<br \/>Pr\u00e9sence exclusive dans les secteurs B2B et B2C<\/i><\/b><\/h2>\n<p>&#8230; le journal HP Gasser\u00bb<\/p>\n<ul>\n<li>NOUVEAU: Le nouveau et hybride (en ligne et hors ligne) HP Gasser Zeitung en format berlinois (notre recommandation)<\/li>\n<li>NOUVEAU: Notre bulletin d&#8217;information populaire (avec de nouveaux articles en langue des signes)<\/li>\n<li>NOUVEAU: Consultation sur place ou en ligne sur demande<\/li>\n<li>NOUVEAU: la concurrence (valeur ajout\u00e9e pour nos partenaires)<\/li>\n<li>NOUVEAU: participation \u00e0 nos \u00e9v\u00e9nements exclusifs de mise en r\u00e9seau (anniversaire d&#8217;entreprise 2021= \u00e9v\u00e9nement d&#8217;entreprise sur invitation, Bergdorf-EM 2021, www.ggk.film)\n<p>Nos offres exclusives dans le nouveau et hybride journal HP Gasser (imprim\u00e9 &amp; num\u00e9rique). HP Gasser vous accueille avec des offres int\u00e9ressantes sur la nouvelle et moderne plate-forme Journal HP Gasser.<\/p>\n<\/li>\n<\/ul>\n<h3>Informations sur le nouveau journal HP Gasser<\/h3>\n<p>Edition: Expl. 25&#8217;000 (automne 2020)<\/p>\n<p>Sortie sous forme d&#8217;impression, num\u00e9rique, APP IOS et Android, y compris APP progressif.<br \/>Pages: 32<br \/>Format: Format Berlin 315 x 470<br \/>Paper 52g\/qm Blanc ISO 80 (1,2 fois)<br \/>Impression 4\/4 couleurs (4c Euroscale)<br \/>Placement: le meilleur possible<br \/>Les publicit\u00e9s et les relations publiques sont plac\u00e9es de la meilleure fa\u00e7on possible. Formats : 1\/1,1\/2, 1\/3, 1\/4,1\/8<br \/>Des formats sp\u00e9ciaux sont possibles.<br \/>Voici \u00e0 quoi pourrait ressembler votre pr\u00e9sence publicitaire:<br \/>Exemple de lecture d&#8217;un journal sur la sant\u00e9 avec la publicit\u00e9 HP Gasser et la contribution des relations publiques : http:\/\/www.swiss1chirurgie.info<\/p>\n<h3>Top A<\/h3>\n<p>Notre carte des menus &#8211; exclusivement pour les fid\u00e8les partenaires de HP Gasser<br \/>Imprim\u00e9 et num\u00e9rique, y compris PPA et co\u00fbts (voir les zones sup\u00e9rieures dans l&#8217;exemple de lecture mentionn\u00e9 ci-dessus)<\/p>\n<p>Une s\u00e9lection de formats:<\/p>\n<p>\u00bc Hauteur de la page: 150 mm x 215 mm = 800 CHF<br \/>\u00bc Page horizontale: 300 mm x 110 mm = 800 CHF<br \/>\u2153 Page verticale: 100 mm x 445 mm = 1 000 CHF<br \/>\u00bd Page horizontale: 300 mm x 215 mm = 1 200 CHF<br \/>1\/1 page verticale: 300 mm x 445 mm = 1 800 CHF<br \/>2\/1 page (Pano): 600 mm x 445 mm = 3 600 CHF<br \/>*Toutes les annonces avec un fond perdu de 3 mm \/ tous les prix sont hors TVA.<\/p>\n<h3>Livraison de donn\u00e9es imprim\u00e9es et num\u00e9riques<\/h3>\n<p>Exclusivement au standard PDF\/X3 &#8211; Fichier EPS (.eps) &#8211; Donn\u00e9es d&#8217;image au format JPG, TIF ou EPS en 300 dpi minimum &#8211; Les polices doivent \u00eatre int\u00e9gr\u00e9es ou fournies avec le produit<br \/>Nous devrions recevoir les donn\u00e9es dans les formats appropri\u00e9s comme suit, au plus tard le 31 ao\u00fbt 2020<br \/>E-mail : beat.ambord@f1rst.ch ou via : https:\/\/f1rst.wetransfer.com\/<br \/>Remarque : le num\u00e9rique peut \u00eatre adapt\u00e9 et compl\u00e9t\u00e9 en permanence.<\/p>\n<h3>Top B<\/h3>\n<p>PR\/Advertorial une page (format D sans marge) avec max. 3&#8217;000 caract\u00e8res y compris l&#8217;image (haute r\u00e9solution)<\/p>\n<h3>Top B<\/h3>\n<p>Des QR Codes dynamiques pour les annonces et les articles peuvent \u00eatre obtenus gratuitement aupr\u00e8s de nous. Explication: https:\/\/www.calameo.com\/read\/0061151992d51f3d5abbb?authid=SSLBUYQ8F1M9<\/p>\n<h3>Top D<\/h3>\n<p>L&#8217;int\u00e9gration de la vid\u00e9o dans la production en ligne est possible. Le fichier vid\u00e9o doit \u00eatre livr\u00e9 sous forme de mp4.<\/p>\n<h3>Top E<\/h3>\n<p>Le nouveau et r\u00e9volutionnaire journal HP Gasser sera dot\u00e9 d&#8217;un ISBN, et sera donc disponible dans toutes les librairies (\u00e9galement num\u00e9riques).<\/p>\n<p>Nos remerciements &amp; Extras<br \/>Dans le prix est toujours la publication pour environ 12 mois Num\u00e9rique: www.hpgasser.ch \/ Print et APP IOS \/ Android &amp; progressive APP<br \/>Nos partenaires re\u00e7oivent des copies des bons (num\u00e9ro et adresse de livraison selon accord)<br \/>Invitation aux \u00e9v\u00e9nements de mise en r\u00e9seau et aux \u00e9v\u00e9nements d&#8217;information<\/p>\n<h3>Remarques<\/h3>\n<p>Les prix sont des prix nets. Les factures sont \u00e9mises directement par HP Gasser AG. Nous nous r\u00e9servons le droit d&#8217;apporter des modifications.<\/p>\n<p>\t                    \tSi vous avez des questions, veuillez contacter Fabian Furrer: f.furrer@smc-management.com &#8211; T\u00e9l\u00e9phone : +41 (0) 79 | 656 04 02<br \/>\n\t\t    \t\t<a bdt-toggle=\"target: #bdt-modal-9c7c777\" href=\"javascript:void(0)\"><br \/>\n\t\t\t<!--  --><br \/>\n\t\t\t\t\t\t\t\tInformation \/ Contact<br \/>\n\t\t\t<!--  --><br \/>\n\t\t<\/a><br \/>\n\t                \t                \t<button type=\"button\" bdt-close><\/button><\/p>\n<h3>Kontakt edelweiss.cool<\/h3>\n<p><form id=\"wpforms-form-10775\" data-formid=\"10775\" method=\"post\" enctype=\"multipart\/form-data\" action=\"\/wp-admin\/admin-ajax.php?wpforms_form_id=10775\" data-token=\"e28935ec37de4c3941525432f5d4f7fa\"><noscript>Bitte aktiviere JavaScript in deinem Browser, um dieses Formular fertigzustellen.<\/noscript><label for=\"wpforms-10775-field_5\">Fimra<\/label><input type=\"text\" id=\"wpforms-10775-field_5\" name=\"wpforms[fields][5]\" ><label for=\"wpforms-10775-field_7\">Bereich<\/label><\/p>\n<ul id=\"wpforms-10775-field_7\">\n<li><input type=\"radio\" id=\"wpforms-10775-field_7_1\" name=\"wpforms[fields][7]\" value=\"Artikel\"  ><label for=\"wpforms-10775-field_7_1\">Artikel<\/label><\/li>\n<li><input type=\"radio\" id=\"wpforms-10775-field_7_2\" name=\"wpforms[fields][7]\" value=\"W\u00fcnsche mehr Informationen\"  ><label for=\"wpforms-10775-field_7_2\">W\u00fcnsche mehr Informationen<\/label><\/li>\n<li><input type=\"radio\" id=\"wpforms-10775-field_7_3\" name=\"wpforms[fields][7]\" value=\"Werbung\"  ><label for=\"wpforms-10775-field_7_3\">Werbung<\/label><\/li>\n<li><input type=\"radio\" id=\"wpforms-10775-field_7_4\" name=\"wpforms[fields][7]\" value=\"Gastbeitrag\"  ><label for=\"wpforms-10775-field_7_4\">Gastbeitrag<\/label><\/li>\n<li><input type=\"radio\" id=\"wpforms-10775-field_7_6\" name=\"wpforms[fields][7]\" value=\"Verlangte Unterlagen \/ Grafiken\"  ><label for=\"wpforms-10775-field_7_6\">Verlangte Unterlagen \/ Grafiken<\/label><\/li>\n<li><input type=\"radio\" id=\"wpforms-10775-field_7_5\" name=\"wpforms[fields][7]\" value=\"Diverses\"  ><label for=\"wpforms-10775-field_7_5\">Diverses<\/label><\/li>\n<\/ul>\n<p><label for=\"wpforms-10775-field_0\">Name *<\/label><input type=\"text\" id=\"wpforms-10775-field_0\" name=\"wpforms[fields][0][first]\" required><label for=\"wpforms-10775-field_0\">Vorname<\/label><input type=\"text\" id=\"wpforms-10775-field_0-last\" name=\"wpforms[fields][0][last]\" required><label for=\"wpforms-10775-field_0-last\">Nachname<\/label><label for=\"wpforms-10775-field_1\">E-Mail *<\/label><input type=\"email\" id=\"wpforms-10775-field_1\" name=\"wpforms[fields][1]\" required><label for=\"wpforms-10775-field_4\">Telefon *<\/label><input type=\"tel\" id=\"wpforms-10775-field_4\" data-rule-smart-phone-field=\"true\" name=\"wpforms[fields][4]\" required><label for=\"wpforms-10775-field_3\">Datei hochladen<\/label><br \/>\n\t\t<svg viewBox=\"0 0 1024 1024\" focusable=\"false\" data-icon=\"inbox\" width=\"50px\" height=\"50px\" fill=\"#B1B1B1\" aria-hidden=\"true\"><path d=\"M885.2 446.3l-.2-.8-112.2-285.1c-5-16.1-19.9-27.2-36.8-27.2H281.2c-17 0-32.1 11.3-36.9 27.6L139.4 443l-.3.7-.2.8c-1.3 4.9-1.7 9.9-1 14.8-.1 1.6-.2 3.2-.2 4.8V830a60.9 60.9 0 0 0 60.8 60.8h627.2c33.5 0 60.8-27.3 60.9-60.8V464.1c0-1.3 0-2.6-.1-3.7.4-4.9 0-9.6-1.3-14.1zm-295.8-43l-.3 15.7c-.8 44.9-31.8 75.1-77.1 75.1-22.1 0-41.1-7.1-54.8-20.6S436 441.2 435.6 419l-.3-15.7H229.5L309 210h399.2l81.7 193.3H589.4zm-375 76.8h157.3c24.3 57.1 76 90.8 140.4 90.8 33.7 0 65-9.4 90.3-27.2 22.2-15.6 39.5-37.4 50.7-63.6h156.5V814H214.4V480.1z\"><\/path><\/svg><br \/>\n\t\t\tKlicke oder ziehe Dateien in diesen Bereich zum Hochladen.<br \/>\n\t\t\t\tDu kannst bis zu 12 Dateien hochladen.<br \/>\n<input type=\"text\"\n\tstyle=\"position:absolute!important;clip:rect(0,0,0,0)!important;height:1px!important;width:1px!important;border:0!important;overflow:hidden!important;padding:0!important;margin:0!important;\"\n\tid=\"wpforms-10775-field_3\"\n\tname=\"wpforms_10775_3\" ><br \/>\n<label for=\"wpforms-10775-field_2\">Kommentar oder Nachricht *<\/label><textarea id=\"wpforms-10775-field_2\" name=\"wpforms[fields][2]\" required><\/textarea><input type=\"hidden\" name=\"wpforms[id]\" value=\"10775\"><input type=\"hidden\" name=\"wpforms[author]\" value=\"2\"><button type=\"submit\" name=\"wpforms[submit]\" id=\"wpforms-submit-10775\" value=\"wpforms-submit\" aria-live=\"assertive\" data-alt-text=\"Senden...\" data-submit-text=\"Absenden\">Absenden<\/button><\/form>\n<p>  <!-- .wpforms-container --><\/p>\n<p>\t                    \tToutes les informations sont trait\u00e9es rapidement. Nous vous contacterons dans les prochaines heures.<br \/>\n\t\t    \t\t<a bdt-toggle=\"target: #bdt-modal-0426866\" href=\"javascript:void(0)\"><br \/>\n\t\t\t<!--  --><br \/>\n\t\t\t\t\t\t\t\tInformation \/ Contact<br \/>\n\t\t\t<!--  --><br \/>\n\t\t<\/a><br \/>\n\t                \t                \t<button type=\"button\" bdt-close><\/button><\/p>\n<h3>Kontakt edelweiss.cool<\/h3>\n<p><form id=\"wpforms-form-10775\" data-formid=\"10775\" method=\"post\" enctype=\"multipart\/form-data\" action=\"\/wp-admin\/admin-ajax.php?wpforms_form_id=10775\" data-token=\"e28935ec37de4c3941525432f5d4f7fa\"><noscript>Bitte aktiviere JavaScript in deinem Browser, um dieses Formular fertigzustellen.<\/noscript><label for=\"wpforms-10775-field_5\">Fimra<\/label><input type=\"text\" id=\"wpforms-10775-field_5\" name=\"wpforms[fields][5]\" ><label for=\"wpforms-10775-field_7\">Bereich<\/label><\/p>\n<ul id=\"wpforms-10775-field_7\">\n<li><input type=\"radio\" id=\"wpforms-10775-field_7_1\" name=\"wpforms[fields][7]\" value=\"Artikel\"  ><label for=\"wpforms-10775-field_7_1\">Artikel<\/label><\/li>\n<li><input type=\"radio\" id=\"wpforms-10775-field_7_2\" name=\"wpforms[fields][7]\" value=\"W\u00fcnsche mehr Informationen\"  ><label for=\"wpforms-10775-field_7_2\">W\u00fcnsche mehr Informationen<\/label><\/li>\n<li><input type=\"radio\" id=\"wpforms-10775-field_7_3\" name=\"wpforms[fields][7]\" value=\"Werbung\"  ><label for=\"wpforms-10775-field_7_3\">Werbung<\/label><\/li>\n<li><input type=\"radio\" id=\"wpforms-10775-field_7_4\" name=\"wpforms[fields][7]\" value=\"Gastbeitrag\"  ><label for=\"wpforms-10775-field_7_4\">Gastbeitrag<\/label><\/li>\n<li><input type=\"radio\" id=\"wpforms-10775-field_7_6\" name=\"wpforms[fields][7]\" value=\"Verlangte Unterlagen \/ Grafiken\"  ><label for=\"wpforms-10775-field_7_6\">Verlangte Unterlagen \/ Grafiken<\/label><\/li>\n<li><input type=\"radio\" id=\"wpforms-10775-field_7_5\" name=\"wpforms[fields][7]\" value=\"Diverses\"  ><label for=\"wpforms-10775-field_7_5\">Diverses<\/label><\/li>\n<\/ul>\n<p><label for=\"wpforms-10775-field_0\">Name *<\/label><input type=\"text\" id=\"wpforms-10775-field_0\" name=\"wpforms[fields][0][first]\" required><label for=\"wpforms-10775-field_0\">Vorname<\/label><input type=\"text\" id=\"wpforms-10775-field_0-last\" name=\"wpforms[fields][0][last]\" required><label for=\"wpforms-10775-field_0-last\">Nachname<\/label><label for=\"wpforms-10775-field_1\">E-Mail *<\/label><input type=\"email\" id=\"wpforms-10775-field_1\" name=\"wpforms[fields][1]\" required><label for=\"wpforms-10775-field_4\">Telefon *<\/label><input type=\"tel\" id=\"wpforms-10775-field_4\" data-rule-smart-phone-field=\"true\" name=\"wpforms[fields][4]\" required><label for=\"wpforms-10775-field_3\">Datei hochladen<\/label><br \/>\n\t\t<svg viewBox=\"0 0 1024 1024\" focusable=\"false\" data-icon=\"inbox\" width=\"50px\" height=\"50px\" fill=\"#B1B1B1\" aria-hidden=\"true\"><path d=\"M885.2 446.3l-.2-.8-112.2-285.1c-5-16.1-19.9-27.2-36.8-27.2H281.2c-17 0-32.1 11.3-36.9 27.6L139.4 443l-.3.7-.2.8c-1.3 4.9-1.7 9.9-1 14.8-.1 1.6-.2 3.2-.2 4.8V830a60.9 60.9 0 0 0 60.8 60.8h627.2c33.5 0 60.8-27.3 60.9-60.8V464.1c0-1.3 0-2.6-.1-3.7.4-4.9 0-9.6-1.3-14.1zm-295.8-43l-.3 15.7c-.8 44.9-31.8 75.1-77.1 75.1-22.1 0-41.1-7.1-54.8-20.6S436 441.2 435.6 419l-.3-15.7H229.5L309 210h399.2l81.7 193.3H589.4zm-375 76.8h157.3c24.3 57.1 76 90.8 140.4 90.8 33.7 0 65-9.4 90.3-27.2 22.2-15.6 39.5-37.4 50.7-63.6h156.5V814H214.4V480.1z\"><\/path><\/svg><br \/>\n\t\t\tKlicke oder ziehe Dateien in diesen Bereich zum Hochladen.<br \/>\n\t\t\t\tDu kannst bis zu 12 Dateien hochladen.<br \/>\n<input type=\"text\"\n\tstyle=\"position:absolute!important;clip:rect(0,0,0,0)!important;height:1px!important;width:1px!important;border:0!important;overflow:hidden!important;padding:0!important;margin:0!important;\"\n\tid=\"wpforms-10775-field_3\"\n\tname=\"wpforms_10775_3\" ><br \/>\n<label for=\"wpforms-10775-field_2\">Kommentar oder Nachricht *<\/label><textarea id=\"wpforms-10775-field_2\" name=\"wpforms[fields][2]\" required><\/textarea><input type=\"hidden\" name=\"wpforms[id]\" value=\"10775\"><input type=\"hidden\" name=\"wpforms[author]\" value=\"2\"><button type=\"submit\" name=\"wpforms[submit]\" id=\"wpforms-submit-10775\" value=\"wpforms-submit\" aria-live=\"assertive\" data-alt-text=\"Senden...\" data-submit-text=\"Absenden\">Absenden<\/button><\/form>\n<p>  <!-- .wpforms-container --><\/p>\n<p>\t                    \tToutes les informations sont trait\u00e9es rapidement. Nous vous contacterons dans les prochaines heures.\t                    <\/p>\n<h2>Pourquoi Edelweiss.cool<\/h2>\n<p>Trouver un nom pour le journal anniversaire a \u00e9t\u00e9 un processus cr\u00e9atif au cours duquel beaucoup de choses ont \u00e9t\u00e9 d\u00e9velopp\u00e9es, mais aussi abandonn\u00e9es. Finalement, la d\u00e9cision a \u00e9t\u00e9 prise en faveur de edelweiss.cool.<\/p>\n<p>M\u00eame avec un formatage similaire \u00e0 celui d&#8217;une adresse web, nous montrons que nous visons une apparence hybride qui correspond parfaitement \u00e0 notre entreprise. Le journal est disponible sous forme de produit imprim\u00e9 tangible ainsi qu&#8217;une version en ligne, que nous distribuons \u00e9galement via notre site web et notre application. Cela montre aussi l&#8217;orientation num\u00e9rique que nous donnons \u00e0 notre entreprise. Nous donnons ainsi un signal clair en faveur de la communication num\u00e9rique dans le commerce.<\/p>\n<p>En tant que mot et concept, l&#8217;edelweiss repr\u00e9sente avant tout notre lien avec la nature et avec notre patrie en Suisse. Partout dans le monde, l&#8217;edelweiss est connu comme la plante des montagnes alpines, de sorte que nous pouvons aussi l&#8217;utiliser pour communiquer le foyer, les montagnes, le soleil. En tant que symbole largement utilis\u00e9 des produits et services suisses, l&#8217;edelweiss est \u00e9galement un symbole de la suissitude, du naturel, de la protection de l&#8217;environnement et de la durabilit\u00e9.<\/p>\n<p>Cela s&#8217;accorde parfaitement avec nos produits du secteur de la construction d&#8217;\u00e9l\u00e9ments de fen\u00eatres de toit, qui permettent et prolongent la vue sur les montagnes ou la nature environnante. En m\u00eame temps, nous mettons \u00e9galement l&#8217;accent sur la durabilit\u00e9, la long\u00e9vit\u00e9, la long\u00e9vit\u00e9 et la pr\u00e9cision suisse de ces produits.<\/p>\n<p>La d\u00e9cision en faveur de l&#8217;Edelweiss inclut la puissance symbolique mystique de la plante alpine, suscite l&#8217;int\u00e9r\u00eat et agit comme un symbole du rayonnement de notre entreprise. Partant du centre dor\u00e9 de la fleur (que nous pouvons comprendre comme la division de la construction des \u00e9l\u00e9ments de fen\u00eatre de toit), des p\u00e9tales en forme d&#8217;\u00e9toile, presque blancs, forment une fleur qui peut symboliser nos zones de travail polyvalentes, nos services et le rayonnement dans le monde.<\/p>\n<p>Une autre symbiose de notre entreprise avec notre maison est le cristal de roche. Nous l&#8217;avons d\u00e9j\u00e0 mis en sc\u00e8ne en exclusivit\u00e9 avec le nouveau hall de production Kristall 2020, qui fait certainement aussi l&#8217;objet d&#8217;un article dans le journal.<\/p>\n<p>Pourquoi \u00eatre cool ? Le &#8220;cool&#8221; dans la combinaison cryptique Edelweiss.cool symbolise la division Construction de membranes. Ici, nos produits contribuent \u00e9galement \u00e0 la protection solaire et \u00e0 l&#8217;ombrage, entre autres choses. M\u00eame la climatisation des b\u00e2timents est soutenue par des fa\u00e7ades \u00e0 membrane, par exemple. Nous d\u00e9montrons \u00e9galement que nos produits n&#8217;apportent pas seulement de la fra\u00eecheur sous le toit ou sur la fa\u00e7ade, mais que nous consid\u00e9rons \u00e9galement l&#8217;hiver comme une saison typiquement suisse.<\/p>\n<p>Edelweiss.cool est donc la meilleure expression de tout ce que nous voulons, pouvons, r\u00e9alisons et d\u00e9veloppons. Comme nous l&#8217;avons d\u00e9j\u00e0 mentionn\u00e9, cela inclut la num\u00e9risation dans nos divisions et, surtout, dans la communication avec les parties int\u00e9ress\u00e9es et les clients, mais aussi avec nos employ\u00e9s. Edelweiss.cool est \u00e9galement le nom de domaine pour la publication de la version en ligne du journal.<\/p>\n<h2>Contenu<\/h2>\n<p>Outre le contenu typique de notre portefeuille de produits et de services, nous pr\u00e9senterons \u00e9galement Lungern et ses environs, nous mettrons l&#8217;accent sur le domaine skiable de Hasliberg et nous mettrons la Suisse en vedette en tant que zone de vente de nos produits et services.<\/p>\n<p>Bien entendu, les th\u00e8mes de la construction d&#8217;\u00e9l\u00e9ments de fen\u00eatres de toit, de la construction de membranes, de la menuiserie, des services et des prestations resteront les principaux sujets avec lesquels nous voulons informer nos parties int\u00e9ress\u00e9es et nos clients mais aussi nos partenaires et les \u00e9ventuels futurs employ\u00e9s de mani\u00e8re compl\u00e8te et int\u00e9ressante.<\/p>\n","protected":false},"excerpt":{"rendered":"<p>Edelweiss.cool &#8211; Le journal anniversaire de HP Gasser AG Nous allons bient\u00f4t c\u00e9l\u00e9brer le 30e anniversaire de HP Gasser AG. Pour la communication de cet \u00e9v\u00e9nement et comme \u00e9l\u00e9ment de liaison avec nos partenaires, clients et consommateurs, nous avons publi\u00e9 un journal tir\u00e9 \u00e0 45 000 exemplaires. Le journal est disponible partout en Suisse, partout<\/p>\n","protected":false},"author":11,"featured_media":10749,"parent":0,"menu_order":0,"comment_status":"closed","ping_status":"closed","template":"elementor_header_footer","meta":[],"_links":{"self":[{"href":"https:\/\/www.hpgasser.ch\/fr\/wp-json\/wp\/v2\/pages\/12792"}],"collection":[{"href":"https:\/\/www.hpgasser.ch\/fr\/wp-json\/wp\/v2\/pages"}],"about":[{"href":"https:\/\/www.hpgasser.ch\/fr\/wp-json\/wp\/v2\/types\/page"}],"author":[{"embeddable":true,"href":"https:\/\/www.hpgasser.ch\/fr\/wp-json\/wp\/v2\/users\/11"}],"replies":[{"embeddable":true,"href":"https:\/\/www.hpgasser.ch\/fr\/wp-json\/wp\/v2\/comments?post=12792"}],"version-history":[{"count":0,"href":"https:\/\/www.hpgasser.ch\/fr\/wp-json\/wp\/v2\/pages\/12792\/revisions"}],"wp:featuredmedia":[{"embeddable":true,"href":"https:\/\/www.hpgasser.ch\/fr\/wp-json\/wp\/v2\/media\/10749"}],"wp:attachment":[{"href":"https:\/\/www.hpgasser.ch\/fr\/wp-json\/wp\/v2\/media?parent=12792"}],"curies":[{"name":"wp","href":"https:\/\/api.w.org\/{rel}","templated":true}]}}