{"id":12512,"date":"2020-05-19T13:26:45","date_gmt":"2020-05-19T11:26:45","guid":{"rendered":"http:\/\/www.hpgasser.ch\/einbauelemente-und-anbauelemente-fur-kleinzelte\/"},"modified":"2021-09-27T11:18:06","modified_gmt":"2021-09-27T09:18:06","slug":"elements-encastres-et-accessoires-pour-petites-tentes","status":"publish","type":"page","link":"https:\/\/www.hpgasser.ch\/fr\/elements-encastres-et-accessoires-pour-petites-tentes\/","title":{"rendered":"\u00c9l\u00e9ments encastr\u00e9s et accessoires pour petites tentes"},"content":{"rendered":"","protected":false},"excerpt":{"rendered":"","protected":false},"author":11,"featured_media":0,"parent":0,"menu_order":0,"comment_status":"closed","ping_status":"closed","template":"","meta":[],"_links":{"self":[{"href":"https:\/\/www.hpgasser.ch\/fr\/wp-json\/wp\/v2\/pages\/12512"}],"collection":[{"href":"https:\/\/www.hpgasser.ch\/fr\/wp-json\/wp\/v2\/pages"}],"about":[{"href":"https:\/\/www.hpgasser.ch\/fr\/wp-json\/wp\/v2\/types\/page"}],"author":[{"embeddable":true,"href":"https:\/\/www.hpgasser.ch\/fr\/wp-json\/wp\/v2\/users\/11"}],"replies":[{"embeddable":true,"href":"https:\/\/www.hpgasser.ch\/fr\/wp-json\/wp\/v2\/comments?post=12512"}],"version-history":[{"count":2,"href":"https:\/\/www.hpgasser.ch\/fr\/wp-json\/wp\/v2\/pages\/12512\/revisions"}],"predecessor-version":[{"id":16779,"href":"https:\/\/www.hpgasser.ch\/fr\/wp-json\/wp\/v2\/pages\/12512\/revisions\/16779"}],"wp:attachment":[{"href":"https:\/\/www.hpgasser.ch\/fr\/wp-json\/wp\/v2\/media?parent=12512"}],"curies":[{"name":"wp","href":"https:\/\/api.w.org\/{rel}","templated":true}]}}