{"id":10860,"date":"2020-08-17T11:12:32","date_gmt":"2020-08-17T09:12:32","guid":{"rendered":"http:\/\/www.hpgasser.ch\/?page_id=10860"},"modified":"2020-08-17T11:19:48","modified_gmt":"2020-08-17T09:19:48","slug":"data-protection","status":"publish","type":"page","link":"https:\/\/www.hpgasser.ch\/en\/data-protection\/","title":{"rendered":"Data protection"},"content":{"rendered":"\n<p>AGB Onlineshop f\u00fcr den Verkauf<br>von Dienstleistungen und digitalen Produkten<br>nur in der Schweiz<\/p>\n\n\n\n<p>1.&nbsp;&nbsp;&nbsp;&nbsp;&nbsp; Geltungsbereich<\/p>\n\n\n\n<p><strong>1.1&nbsp;&nbsp;&nbsp;&nbsp;&nbsp; <\/strong>Diese Allgemeinen Gesch\u00e4ftsbedingungen gelten f\u00fcr alle Bestellungen, die Kunden \u00fcber den Online-Shop der HP Gasser AG, Industriestrasse 45, 6078 Lungern, [<em>CHE-362.991.885<\/em>], nachfolgend HP Gasser AG genannt, t\u00e4tigen.<\/p>\n\n\n\n<p><strong>1.2&nbsp;&nbsp;&nbsp;&nbsp;&nbsp; <\/strong>Mit der best\u00e4tigten Bestellung gelten diese Allgemeinen Gesch\u00e4ftsbedingungen als vom Besteller akzeptiert.<\/p>\n\n\n\n<p>2.&nbsp;&nbsp;&nbsp;&nbsp;&nbsp; Angebot und Vertragsschluss<\/p>\n\n\n\n<p><strong>2.1<\/strong>&nbsp;&nbsp;&nbsp;&nbsp;&nbsp; Die Darstellung der Dienstleistungen und Produkte im Online-Shop stellt kein rechtlich bindendes Angebot, sondern eine Aufforderung zur Bestellung dar.<\/p>\n\n\n\n<p><strong>2.2<\/strong>&nbsp;&nbsp;&nbsp;&nbsp;&nbsp; Durch Anklicken des Buttons (Bestellen) gibt der Kunde eine verbindliche Bestellung aller auf der Bestellseite aufgelisteten Produkte ab.<\/p>\n\n\n\n<p><strong>2.3<\/strong>&nbsp;&nbsp;&nbsp;&nbsp;&nbsp; Unmittelbar nach Erhalt der Bestellung best\u00e4tigt HP Gasser AG die Bestellung per E-Mail. Der Kaufvertrag kommt bei nicht physischen Waren sofort zustande, bei Dienstleistungen&nbsp; durch deren Erbringung.<\/p>\n\n\n\n<p>3.&nbsp;&nbsp;&nbsp;&nbsp;&nbsp; Preise und Versandkosten<\/p>\n\n\n\n<p><strong>3.1<\/strong>&nbsp;&nbsp;&nbsp;&nbsp;&nbsp; Die auf der Produktseite genannten Preise sind exklusiv gesetzliche Mehrwertsteuer und sonstiger Preisbestandteile und verstehen sich in Schweizer Franken (CHF). Die genauen Versandkosten werden dem Kunden im Bestellprozess angezeigt.<\/p>\n\n\n\n<p><strong>3.2<\/strong>&nbsp;&nbsp;&nbsp;&nbsp;&nbsp; Weitere Steuern und Kosten fallen nicht an.<\/p>\n\n\n\n<p><strong>3.3<\/strong>&nbsp;&nbsp;&nbsp;&nbsp;&nbsp; Der Anbieter beh\u00e4lt sich das Recht vor, die Preise jederzeit zu \u00e4ndern. F\u00fcr die Kunden gelten die am Bestelldatum auf der Webseite ver\u00f6ffentlichten Preise.<\/p>\n\n\n\n<p>4.&nbsp;&nbsp;&nbsp;&nbsp;&nbsp; Lieferbedingungen<\/p>\n\n\n\n<p><strong>4.1<\/strong>&nbsp;&nbsp;&nbsp;&nbsp;&nbsp; Die Lieferung physischer Waren erfolgt nur innerhalb der Schweiz.<\/p>\n\n\n\n<p><strong>4.2<\/strong>&nbsp;&nbsp;&nbsp;&nbsp;&nbsp; Die Lieferzeit betr\u00e4gt, sofern nicht beim Angebot anders angegeben, f\u00fcr die Schweiz und Liechtenstein [1 bis 2 Werktage]. Bei Lieferungen in die EU betr\u00e4gt die Lieferzeit zwischen [5 und 10 Werktagen]. Ist eine l\u00e4ngere Lieferfrist notwendig, wird der Kunde sp\u00e4testens nach Ablauf dieser Zeit informiert. Sollte keine Information erfolgen, ist der Kunde berechtigt, auf die Lieferung zu verzichten.<\/p>\n\n\n\n<p><strong>4.3<\/strong>&nbsp;&nbsp;&nbsp;&nbsp;&nbsp; Sollte die Zustellung des Produkts durch Verschulden des Kunden trotz dreimaligen Auslieferungsversuchs scheitern, kann die HP Gasser AG vom Vertrag zur\u00fccktreten. Gegebenenfalls geleistete Zahlungen werden unverz\u00fcglich zur\u00fcckerstattet.<\/p>\n\n\n\n<p>5.&nbsp;&nbsp;&nbsp;&nbsp;&nbsp; Zahlungsbedingungen<\/p>\n\n\n\n<p><strong>5.1<\/strong>&nbsp;&nbsp;&nbsp;&nbsp;&nbsp; Die Zahlung erfolgt f\u00fcr Kunden in der Schweiz wahlweise per Rechnung oder per PayPal.<\/p>\n\n\n\n<p><strong>5.2<\/strong>&nbsp;&nbsp;&nbsp;&nbsp;&nbsp; Bei der Zahlung per Rechnung betr\u00e4gt die Zahlungsfrist 30 Tage. Bleibt die Bezahlung aus, so wird der Zugriff f\u00fcr die Shopl\u00f6sung gesperrt, bis die Geb\u00fchr beglichen ist. Die HP Gasser AG ist berechtigt, ihre Aufwendungen im Mahnwesen an den s\u00e4umigen Kunden weiter zu verrechnen. Betreibungsrechtliche Schritte bleiben vorbehalten.<\/p>\n\n\n\n<p><strong>5.3<\/strong>&nbsp;&nbsp;&nbsp;&nbsp;&nbsp; Bei der Zahlung per PayPal erfolgt die Belastung des Kontos des Kunden zum Zeitpunkt der Bestellung.<\/p>\n\n\n\n<p><strong>5.4<\/strong>&nbsp;&nbsp;&nbsp;&nbsp;&nbsp; Eine Verrechnung mit nicht anerkannten oder nicht rechtskr\u00e4ftig festgestellten Gegenforderungen des Kunden ist ausgeschlossen.<\/p>\n\n\n\n<p><strong>5.5<\/strong>&nbsp;&nbsp;&nbsp;&nbsp;&nbsp; Der Kunde kann ein Zur\u00fcckbehaltungsrecht nur aus\u00fcben, soweit die Anspr\u00fcche auf dem gleichen Vertragsverh\u00e4ltnis beruhen.<\/p>\n\n\n\n<p>6.&nbsp;&nbsp;&nbsp;&nbsp;&nbsp; Gew\u00e4hrleistung<\/p>\n\n\n\n<p><strong>6.1<\/strong>&nbsp;&nbsp;&nbsp;&nbsp;&nbsp; HP Gasser AG gew\u00e4hrt, dass die Ware den zugesicherten Eigenschaften entspricht, keine ihren Wert oder ihre Tauglichkeit zum vorausgesetzten Gebrauch beeintr\u00e4chtigenden M\u00e4ngel hat sowie den vorgeschriebenen Leistungen und Spezifikationen entspricht. HP Gasser AG beh\u00e4lt sich vor, im Sinne einer Nachbesserung oder Ersatzlieferung, einen bestehenden Mangel zu beseitigen.<\/p>\n\n\n\n<p><strong>6.2&nbsp;&nbsp;&nbsp;&nbsp;&nbsp; <\/strong>Der K\u00e4ufer hat die gelieferte Ware so rasch wie m\u00f6glich zu pr\u00fcfen und M\u00e4ngel sofort zu melden. Unseren zust\u00e4ndigen Kundendienst finden Sie unter info@hpgasser.ch.<\/p>\n\n\n\n<p><strong>6.3<\/strong>&nbsp;&nbsp;&nbsp;&nbsp;&nbsp; Schlagen Nachbesserung oder Nachlieferung fehl, ist der Kunde zum R\u00fccktritt vom Vertrag berechtigt. Dies gilt nicht f\u00fcr unerhebliche M\u00e4ngel. Ein Recht des Kunden auf Minderung ist ausgeschlossen.<\/p>\n\n\n\n<p>7.&nbsp;&nbsp;&nbsp;&nbsp;&nbsp; Vertragsdauer, Berechtigungen und K\u00fcndigung bei Abonnementen<\/p>\n\n\n\n<p>Abonnemente werden auf eine bestimmte Dauer abgeschlossen. Im Normalfall betr\u00e4gt diese Dauer sechs oder zw\u00f6lf Monate. Jedes Abonnement berechtigt eine Person, falls nicht anders vereinbart, zur uneingeschr\u00e4nkten Nutzung w\u00e4hrend der Laufzeit des Vertrags. Vor Ablauf des Abonnements erh\u00e4lt der Kunde eine Rechnung f\u00fcr die Verl\u00e4ngerung des Vertrags um den gleichen Zeitraum. Eine K\u00fcndigung ist der HP Gasser AG innert 30 Tagen ab diesem Zeitpunkt schriftlich mitzuteilen. Gleichzeitig mit der K\u00fcndigung erlischt die Zugriffsberechtigung.<\/p>\n\n\n\n<p>8.&nbsp;&nbsp;&nbsp;&nbsp;&nbsp; Passw\u00f6rter\/Geheimhaltung<\/p>\n\n\n\n<p>Der Kunde verpflichtet sich bei online zur Verf\u00fcgung gestellten Produkten, die \u00fcberlassenen Zugangsdaten zum System sowie dazu eingerichtete Passw\u00f6rter streng vertraulich und mit \u00e4usserster Sorgfalt zu behandeln. Die HP Gasser AG beh\u00e4lt sich vor, bei Entdecken der multiplen Benutzung von Zugangsdaten eines Einzelberechtigten die Nutzungsberechtigung unverz\u00fcglich zu beenden.<\/p>\n\n\n\n<p>9.&nbsp;&nbsp;&nbsp;&nbsp;&nbsp; Urheberrecht\/Copyright<\/p>\n\n\n\n<p>Inhalt und Struktur der durch die HP Gasser AG publizierten Produkte und das gesamte Internetangebot sind urheberrechtlich gesch\u00fctzt. Die Verwendung von Beitr\u00e4gen und Arbeitshilfen zum Eigengebrauch durch den Kunden ist gestattet, jedoch bedarf eine vollst\u00e4ndige oder teilweise kommerzielle Verbreitung der ausdr\u00fccklichen Zustimmung der HP Gasser AG.<\/p>\n\n\n\n<p>10.&nbsp;&nbsp;&nbsp; Haftung f\u00fcr die Online-Verbindung<\/p>\n\n\n\n<p>10.1&nbsp;&nbsp;&nbsp;&nbsp; Der Anbieter verpflichtet sich, in Systemen, Programmen usw., die ihm geh\u00f6ren und auf die er Einfluss hat, f\u00fcr Sicherheit nach aktuellem technischem Stand zu sorgen sowie die Regeln des Datenschutzes zu befolgen.<\/p>\n\n\n\n<p>10.2&nbsp;&nbsp;&nbsp;&nbsp; Die Kunden haben f\u00fcr die Sicherheit der Systeme, Programme und Daten zu sorgen, die sich in ihrem Einflussbereich befinden. Die Kunden sollten im eigenen Interesse Passw\u00f6rter und Benutzernamen gegen\u00fcber Dritten geheim halten.<\/p>\n\n\n\n<p>10.3&nbsp;&nbsp;&nbsp;&nbsp; Der Anbieter haftet nicht f\u00fcr M\u00e4ngel und St\u00f6rungen, die er nicht zu vertreten hat, vor allem nicht f\u00fcr Sicherheitsm\u00e4ngel und Betriebsausf\u00e4lle von Drittunternehmen, mit denen er zusammenarbeitet oder von denen er abh\u00e4ngig ist.<\/p>\n\n\n\n<p>10.4&nbsp;&nbsp;&nbsp;&nbsp; Weiter haftet der Anbieter nicht f\u00fcr h\u00f6here Gewalt, unsachgem\u00e4sses Vorgehen und Missachtung der Risiken seitens des Kunden oder Dritter, \u00fcberm\u00e4ssige Beanspruchung, ungeeignete Betriebsmittel des Kunden oder Dritter, extreme Umgebungseinfl\u00fcsse, Eingriffe des Kunden oder St\u00f6rungen durch Dritte (Viren, W\u00fcrmer usw.), die trotz der notwendigen aktuellen Sicherheitsvorkehrungen passieren.<\/p>\n\n\n\n<p>11.&nbsp;&nbsp;&nbsp; Gerichtsstand und anwendbares Recht<\/p>\n\n\n\n<p>11.1&nbsp;&nbsp;&nbsp;&nbsp; F\u00fcr diese AGB gilt schweizerisches Recht, namentlich die Regelungen des OR.<\/p>\n\n\n\n<p>11.2&nbsp;&nbsp;&nbsp;&nbsp; <em>F\u00fcr schweizerische Konsumenten<\/em><br><em>vorgeschrieben durch Art. 21 und 22 Gerichtsstandsgesetz<br><\/em>F\u00fcr Klagen eines Kunden ist das Gericht am Wohnsitz oder Sitz einer der Parteien zust\u00e4ndig. F\u00fcr Klagen des Anbieters ist das Gericht am Wohnsitz der beklagten Partei zust\u00e4ndig.<\/p>\n\n\n\n<p><\/p>\n\n\n\n<p>12.&nbsp;&nbsp;&nbsp; Schlussbestimmungen<\/p>\n\n\n\n<p>Falls Teile dieser Allgemeinen Gesch\u00e4ftsbedingungen unwirksam sein sollten, wird dadurch die G\u00fcltigkeit der \u00fcbrigen Bestimmungen nicht ber\u00fchrt. An die Stelle der unwirksamen Bestimmungen treten sinngem\u00e4ss die einschl\u00e4gigen gesetzlichen Bestimmungen.<\/p>\n\n\n[privacy_policy]","protected":false},"excerpt":{"rendered":"<p>AGB Onlineshop f\u00fcr den Verkaufvon Dienstleistungen und digitalen Produktennur in der Schweiz 1.&nbsp;&nbsp;&nbsp;&nbsp;&nbsp; Geltungsbereich 1.1&nbsp;&nbsp;&nbsp;&nbsp;&nbsp; Diese Allgemeinen Gesch\u00e4ftsbedingungen gelten f\u00fcr alle Bestellungen, die Kunden \u00fcber den Online-Shop der HP Gasser AG, Industriestrasse 45, 6078 Lungern, [CHE-362.991.885], nachfolgend HP Gasser AG genannt, t\u00e4tigen. 1.2&nbsp;&nbsp;&nbsp;&nbsp;&nbsp; Mit der best\u00e4tigten Bestellung gelten diese Allgemeinen Gesch\u00e4ftsbedingungen als vom Besteller akzeptiert.<\/p>\n","protected":false},"author":11,"featured_media":0,"parent":0,"menu_order":0,"comment_status":"closed","ping_status":"closed","template":"","meta":[],"_links":{"self":[{"href":"https:\/\/www.hpgasser.ch\/en\/wp-json\/wp\/v2\/pages\/10860"}],"collection":[{"href":"https:\/\/www.hpgasser.ch\/en\/wp-json\/wp\/v2\/pages"}],"about":[{"href":"https:\/\/www.hpgasser.ch\/en\/wp-json\/wp\/v2\/types\/page"}],"author":[{"embeddable":true,"href":"https:\/\/www.hpgasser.ch\/en\/wp-json\/wp\/v2\/users\/11"}],"replies":[{"embeddable":true,"href":"https:\/\/www.hpgasser.ch\/en\/wp-json\/wp\/v2\/comments?post=10860"}],"version-history":[{"count":1,"href":"https:\/\/www.hpgasser.ch\/en\/wp-json\/wp\/v2\/pages\/10860\/revisions"}],"predecessor-version":[{"id":20487,"href":"https:\/\/www.hpgasser.ch\/en\/wp-json\/wp\/v2\/pages\/10860\/revisions\/20487"}],"wp:attachment":[{"href":"https:\/\/www.hpgasser.ch\/en\/wp-json\/wp\/v2\/media?parent=10860"}],"curies":[{"name":"wp","href":"https:\/\/api.w.org\/{rel}","templated":true}]}}